{"id":340,"date":"2024-05-12T15:16:21","date_gmt":"2024-05-12T15:16:21","guid":{"rendered":"https:\/\/www.thtk.fi\/?page_id=340"},"modified":"2024-08-10T07:25:37","modified_gmt":"2024-08-10T05:25:37","slug":"ilmoittaudu-hyvinkaa","status":"publish","type":"page","link":"https:\/\/www.thtk.fi\/index.php\/ilmoittaudu-hyvinkaa\/","title":{"rendered":"Ilmoittaudu Hyvink\u00e4\u00e4"},"content":{"rendered":"\t\t<div data-elementor-type=\"wp-page\" data-elementor-id=\"340\" class=\"elementor elementor-340\" data-elementor-post-type=\"page\">\n\t\t\t\t\t\t<section class=\"elementor-section elementor-top-section elementor-element elementor-element-d59d599 elementor-section-boxed elementor-section-height-default elementor-section-height-default\" data-id=\"d59d599\" data-element_type=\"section\">\n\t\t\t\t\t\t<div class=\"elementor-container elementor-column-gap-default\">\n\t\t\t\t\t<div class=\"elementor-column elementor-col-100 elementor-top-column elementor-element elementor-element-c39d93b\" data-id=\"c39d93b\" data-element_type=\"column\">\n\t\t\t<div class=\"elementor-widget-wrap elementor-element-populated\">\n\t\t\t\t\t\t<div class=\"elementor-element elementor-element-24055fc elementor-widget elementor-widget-heading\" data-id=\"24055fc\" data-element_type=\"widget\" data-widget_type=\"heading.default\">\n\t\t\t\t<div class=\"elementor-widget-container\">\n\t\t\t<h2 class=\"elementor-heading-title elementor-size-default\">Ilmoittautuminen Hyvink\u00e4\u00e4n kurssille<\/h2>\t\t<\/div>\n\t\t\t\t<\/div>\n\t\t\t\t\t<\/div>\n\t\t<\/div>\n\t\t\t\t\t<\/div>\n\t\t<\/section>\n\t\t\t\t<section class=\"elementor-section elementor-top-section elementor-element elementor-element-1eee4f3 elementor-section-boxed elementor-section-height-default elementor-section-height-default\" data-id=\"1eee4f3\" data-element_type=\"section\">\n\t\t\t\t\t\t<div class=\"elementor-container elementor-column-gap-default\">\n\t\t\t\t\t<div class=\"elementor-column elementor-col-100 elementor-top-column elementor-element elementor-element-a34df0c\" data-id=\"a34df0c\" data-element_type=\"column\">\n\t\t\t<div class=\"elementor-widget-wrap elementor-element-populated\">\n\t\t\t\t\t\t<div class=\"elementor-element elementor-element-3afa69b elementor-widget elementor-widget-wpforms\" data-id=\"3afa69b\" data-element_type=\"widget\" data-widget_type=\"wpforms.default\">\n\t\t\t\t<div class=\"elementor-widget-container\">\n\t\t\t<div class=\"wpforms-container wpforms-container-full\" id=\"wpforms-337\"><form id=\"wpforms-form-337\" class=\"wpforms-validate wpforms-form wpforms-ajax-form\" data-formid=\"337\" method=\"post\" enctype=\"multipart\/form-data\" action=\"\/index.php\/wp-json\/wp\/v2\/pages\/340\" data-token=\"287de9648d3dc661f1c1a43bf418893e\" data-token-time=\"1776598172\"><noscript class=\"wpforms-error-noscript\">Please enable JavaScript in your browser to complete this form.<\/noscript><div class=\"wpforms-field-container\"><div id=\"wpforms-337-field_7-container\" class=\"wpforms-field wpforms-field-checkbox\" data-field-id=\"7\"><label class=\"wpforms-field-label\">VALITSE KURSSI <span class=\"wpforms-required-label\">*<\/span><\/label><ul id=\"wpforms-337-field_7\" class=\"wpforms-field-required\"><li class=\"choice-173 depth-1\"><input type=\"checkbox\" id=\"wpforms-337-field_7_173\" name=\"wpforms[fields][7][]\" value=\"20. HUHTIKUUTA 2026 \u3009Kaukokylm\u00e4- ja kaukol\u00e4mp\u00f6johtojen liitosty\u00f6n valvonta- ja asennuskoulutus\" required ><label class=\"wpforms-field-label-inline\" for=\"wpforms-337-field_7_173\">20. HUHTIKUUTA 2026 \u3009Kaukokylm\u00e4- ja kaukol\u00e4mp\u00f6johtojen liitosty\u00f6n valvonta- ja asennuskoulutus<\/label><\/li><li class=\"choice-172 depth-1\"><input type=\"checkbox\" id=\"wpforms-337-field_7_172\" name=\"wpforms[fields][7][]\" value=\"23. HUHTIKUUTA 2026 \u3009Muoviputkistojen pusku- ja s\u00e4hk\u00f6hitsauksen p\u00e4tevyyksien uusimiskoulutus preppausp\u00e4iv\u00e4ll\u00e4\" required ><label class=\"wpforms-field-label-inline\" for=\"wpforms-337-field_7_172\">23. HUHTIKUUTA 2026 \u3009Muoviputkistojen pusku- ja s\u00e4hk\u00f6hitsauksen p\u00e4tevyyksien uusimiskoulutus preppausp\u00e4iv\u00e4ll\u00e4<\/label><\/li><li class=\"choice-170 depth-1\"><input type=\"checkbox\" id=\"wpforms-337-field_7_170\" name=\"wpforms[fields][7][]\" value=\"27. HUHTIKUUTA 2026 \u3009Lis\u00e4koulutus kunnallisteknisten muoviputkien hitsaajille maakaasuputkien hitsausp\u00e4tev\u00f6intiin\" required ><label class=\"wpforms-field-label-inline\" for=\"wpforms-337-field_7_170\">27. HUHTIKUUTA 2026 \u3009Lis\u00e4koulutus kunnallisteknisten muoviputkien hitsaajille maakaasuputkien hitsausp\u00e4tev\u00f6intiin<\/label><\/li><li class=\"choice-188 depth-1\"><input type=\"checkbox\" id=\"wpforms-337-field_7_188\" name=\"wpforms[fields][7][]\" value=\"28. HUHTIKUUTA 2026 \u3009Muoviputkistojen pusku- ja s\u00e4hk\u00f6hitsauskoulutus\" required ><label class=\"wpforms-field-label-inline\" for=\"wpforms-337-field_7_188\">28. HUHTIKUUTA 2026 \u3009Muoviputkistojen pusku- ja s\u00e4hk\u00f6hitsauskoulutus<\/label><\/li><li class=\"choice-187 depth-1\"><input type=\"checkbox\" id=\"wpforms-337-field_7_187\" name=\"wpforms[fields][7][]\" value=\"4. TOUKOKUUTA 2026 \u3009Kaukokylm\u00e4- ja kaukol\u00e4mp\u00f6johtojen liitosty\u00f6n valvonta- ja asennuskoulutus\" required ><label class=\"wpforms-field-label-inline\" for=\"wpforms-337-field_7_187\">4. TOUKOKUUTA 2026 \u3009Kaukokylm\u00e4- ja kaukol\u00e4mp\u00f6johtojen liitosty\u00f6n valvonta- ja asennuskoulutus<\/label><\/li><li class=\"choice-186 depth-1\"><input type=\"checkbox\" id=\"wpforms-337-field_7_186\" name=\"wpforms[fields][7][]\" value=\"7. TOUKOKUUTA 2026 \u3009Muovin lankahitsauskoulutus kaukol\u00e4mp\u00f6alalle\" required ><label class=\"wpforms-field-label-inline\" for=\"wpforms-337-field_7_186\">7. TOUKOKUUTA 2026 \u3009Muovin lankahitsauskoulutus kaukol\u00e4mp\u00f6alalle<\/label><\/li><li class=\"choice-185 depth-1\"><input type=\"checkbox\" id=\"wpforms-337-field_7_185\" name=\"wpforms[fields][7][]\" value=\"11. TOUKOKUUTA 2026 \u3009Muoviputkistojen pusku- ja s\u00e4hk\u00f6hitsauskoulutus\" required ><label class=\"wpforms-field-label-inline\" for=\"wpforms-337-field_7_185\">11. TOUKOKUUTA 2026 \u3009Muoviputkistojen pusku- ja s\u00e4hk\u00f6hitsauskoulutus<\/label><\/li><li class=\"choice-183 depth-1\"><input type=\"checkbox\" id=\"wpforms-337-field_7_183\" name=\"wpforms[fields][7][]\" value=\"25. TOUKOKUUTA 2026 \u3009Muoviputkistojen s\u00e4hk\u00f6hitsauskoulutus\" required ><label class=\"wpforms-field-label-inline\" for=\"wpforms-337-field_7_183\">25. TOUKOKUUTA 2026 \u3009Muoviputkistojen s\u00e4hk\u00f6hitsauskoulutus<\/label><\/li><li class=\"choice-195 depth-1\"><input type=\"checkbox\" id=\"wpforms-337-field_7_195\" name=\"wpforms[fields][7][]\" value=\"27. TOUKOKUUTA 2026 \u3009Muoviputkistojen pusku- ja s\u00e4hk\u00f6hitsauskoulutus\" required ><label class=\"wpforms-field-label-inline\" for=\"wpforms-337-field_7_195\">27. TOUKOKUUTA 2026 \u3009Muoviputkistojen pusku- ja s\u00e4hk\u00f6hitsauskoulutus<\/label><\/li><li class=\"choice-194 depth-1\"><input type=\"checkbox\" id=\"wpforms-337-field_7_194\" name=\"wpforms[fields][7][]\" value=\"2. KES\u00c4KUUTA 2026 \u3009Muovisten maa- ja biokaasuputkien hitsaus- ja asennuskoulutus\" required ><label class=\"wpforms-field-label-inline\" for=\"wpforms-337-field_7_194\">2. KES\u00c4KUUTA 2026 \u3009Muovisten maa- ja biokaasuputkien hitsaus- ja asennuskoulutus<\/label><\/li><li class=\"choice-193 depth-1\"><input type=\"checkbox\" id=\"wpforms-337-field_7_193\" name=\"wpforms[fields][7][]\" value=\"8. KES\u00c4KUUTA 2026 \u3009Kaukokylm\u00e4- ja kaukol\u00e4mp\u00f6johtojen liitosty\u00f6n valvonta- ja asennuskoulutus\" required ><label class=\"wpforms-field-label-inline\" for=\"wpforms-337-field_7_193\">8. KES\u00c4KUUTA 2026 \u3009Kaukokylm\u00e4- ja kaukol\u00e4mp\u00f6johtojen liitosty\u00f6n valvonta- ja asennuskoulutus<\/label><\/li><li class=\"choice-192 depth-1\"><input type=\"checkbox\" id=\"wpforms-337-field_7_192\" name=\"wpforms[fields][7][]\" value=\"11. KES\u00c4KUUTA 2026 \u3009Muovin lankahitsauskoulutus kaukol\u00e4mp\u00f6alalle\" required ><label class=\"wpforms-field-label-inline\" for=\"wpforms-337-field_7_192\">11. KES\u00c4KUUTA 2026 \u3009Muovin lankahitsauskoulutus kaukol\u00e4mp\u00f6alalle<\/label><\/li><li class=\"choice-191 depth-1\"><input type=\"checkbox\" id=\"wpforms-337-field_7_191\" name=\"wpforms[fields][7][]\" value=\"15. KES\u00c4KUUTA 2026 \u3009Muoviputkistojen s\u00e4hk\u00f6hitsauskoulutus\" required ><label class=\"wpforms-field-label-inline\" for=\"wpforms-337-field_7_191\">15. KES\u00c4KUUTA 2026 \u3009Muoviputkistojen s\u00e4hk\u00f6hitsauskoulutus<\/label><\/li><li class=\"choice-190 depth-1\"><input type=\"checkbox\" id=\"wpforms-337-field_7_190\" name=\"wpforms[fields][7][]\" value=\"22. KES\u00c4KUUTA 2026 \u3009Muoviputkistojen pusku- ja s\u00e4hk\u00f6hitsauskoulutus\" required ><label class=\"wpforms-field-label-inline\" for=\"wpforms-337-field_7_190\">22. KES\u00c4KUUTA 2026 \u3009Muoviputkistojen pusku- ja s\u00e4hk\u00f6hitsauskoulutus<\/label><\/li><li class=\"choice-189 depth-1\"><input type=\"checkbox\" id=\"wpforms-337-field_7_189\" name=\"wpforms[fields][7][]\" value=\"25. KES\u00c4KUUTA 2026 \u3009Muoviputkistojen pusku- ja s\u00e4hk\u00f6hitsauksen p\u00e4tevyyksien uusimiskoulutus preppausp\u00e4iv\u00e4ll\u00e4\" required ><label class=\"wpforms-field-label-inline\" for=\"wpforms-337-field_7_189\">25. KES\u00c4KUUTA 2026 \u3009Muoviputkistojen pusku- ja s\u00e4hk\u00f6hitsauksen p\u00e4tevyyksien uusimiskoulutus preppausp\u00e4iv\u00e4ll\u00e4<\/label><\/li><li class=\"choice-25 depth-1\"><input type=\"checkbox\" id=\"wpforms-337-field_7_25\" name=\"wpforms[fields][7][]\" value=\"Olemme kiinnostuneita tilaus-\/muusta koulutuksesta\" required ><label class=\"wpforms-field-label-inline\" for=\"wpforms-337-field_7_25\">Olemme kiinnostuneita tilaus-\/muusta koulutuksesta<\/label><\/li><\/ul><\/div><div id=\"wpforms-337-field_2-container\" class=\"wpforms-field wpforms-field-name\" data-field-id=\"2\"><label class=\"wpforms-field-label\" for=\"wpforms-337-field_2\">Yritys <span class=\"wpforms-required-label\">*<\/span><\/label><input type=\"text\" id=\"wpforms-337-field_2\" class=\"wpforms-field-medium wpforms-field-required\" name=\"wpforms[fields][2]\" required><\/div><div id=\"wpforms-337-field_3-container\" class=\"wpforms-field wpforms-field-name\" data-field-id=\"3\"><label class=\"wpforms-field-label\" for=\"wpforms-337-field_3\">Yhteyshenkil\u00f6 <span class=\"wpforms-required-label\">*<\/span><\/label><input type=\"text\" id=\"wpforms-337-field_3\" class=\"wpforms-field-medium wpforms-field-required\" name=\"wpforms[fields][3]\" required><\/div><div id=\"wpforms-337-field_4-container\" class=\"wpforms-field wpforms-field-number\" data-field-id=\"4\"><label class=\"wpforms-field-label\" for=\"wpforms-337-field_4\">Puhelin <span class=\"wpforms-required-label\">*<\/span><\/label><input type=\"number\" id=\"wpforms-337-field_4\" class=\"wpforms-field-medium wpforms-field-required\" name=\"wpforms[fields][4]\" step=\"any\" required><\/div><div id=\"wpforms-337-field_5-container\" class=\"wpforms-field wpforms-field-email\" data-field-id=\"5\"><label class=\"wpforms-field-label\" for=\"wpforms-337-field_5\">Email <span class=\"wpforms-required-label\">*<\/span><\/label><input type=\"email\" id=\"wpforms-337-field_5\" class=\"wpforms-field-medium wpforms-field-required\" name=\"wpforms[fields][5]\" spellcheck=\"false\" required><\/div><div id=\"wpforms-337-field_6-container\" class=\"wpforms-field wpforms-field-number\" data-field-id=\"6\"><label class=\"wpforms-field-label\" for=\"wpforms-337-field_6\">Ilmoitan yrityksest\u00e4 kurssille (henkil\u00f6m\u00e4\u00e4r\u00e4): <span class=\"wpforms-required-label\">*<\/span><\/label><input type=\"number\" id=\"wpforms-337-field_6\" class=\"wpforms-field-medium wpforms-field-required\" name=\"wpforms[fields][6]\" step=\"any\" required><\/div><div id=\"wpforms-337-field_8-container\" class=\"wpforms-field wpforms-field-textarea\" data-field-id=\"8\"><label class=\"wpforms-field-label\" for=\"wpforms-337-field_8\">Lis\u00e4tietoja kurssin j\u00e4rjest\u00e4j\u00e4lle<\/label><textarea id=\"wpforms-337-field_8\" class=\"wpforms-field-medium\" name=\"wpforms[fields][8]\" ><\/textarea><\/div><\/div><!-- .wpforms-field-container --><div class=\"wpforms-submit-container\" ><input type=\"hidden\" name=\"wpforms[id]\" value=\"337\"><input type=\"hidden\" name=\"page_title\" value=\"\"><input type=\"hidden\" name=\"page_url\" value=\"https:\/\/www.thtk.fi\/index.php\/wp-json\/wp\/v2\/pages\/340\"><input type=\"hidden\" name=\"url_referer\" value=\"\"><button type=\"submit\" name=\"wpforms[submit]\" id=\"wpforms-submit-337\" class=\"wpforms-submit\" data-alt-text=\"L\u00e4hett\u00e4\u00e4 ...\" data-submit-text=\"L\u00e4het\u00e4\" aria-live=\"assertive\" value=\"wpforms-submit\">L\u00e4het\u00e4<\/button><img decoding=\"async\" src=\"https:\/\/www.thtk.fi\/wp-content\/plugins\/wpforms-lite\/assets\/images\/submit-spin.svg\" class=\"wpforms-submit-spinner\" style=\"display: none;\" width=\"26\" height=\"26\" alt=\"Loading\"><\/div><\/form><\/div>  <!-- .wpforms-container -->\t\t<\/div>\n\t\t\t\t<\/div>\n\t\t\t\t\t<\/div>\n\t\t<\/div>\n\t\t\t\t\t<\/div>\n\t\t<\/section>\n\t\t\t\t<\/div>\n\t\t","protected":false},"excerpt":{"rendered":"<p>Ilmoittautuminen Hyvink\u00e4\u00e4n kurssille Please enable JavaScript in your browser to complete this form.VALITSE KURSSI * 26. ELOKUUTA 2024\u3009Muovisten bio- ja maakaasuputkistojen hitsaus- ja asennuskoulutus 3. SYYSKUUTA 2024\u3009Muoviputkistojen pusku- ja s\u00e4hk\u00f6hitsauskoulutus&hellip;&nbsp;<a href=\"https:\/\/www.thtk.fi\/index.php\/ilmoittaudu-hyvinkaa\/\" class=\"\" rel=\"bookmark\">Lue lis\u00e4\u00e4 &raquo;<span class=\"screen-reader-text\">Ilmoittaudu Hyvink\u00e4\u00e4<\/span><\/a><\/p>\n","protected":false},"author":1,"featured_media":0,"parent":0,"menu_order":0,"comment_status":"closed","ping_status":"closed","template":"elementor_header_footer","meta":{"neve_meta_sidebar":"","neve_meta_container":"","neve_meta_enable_content_width":"off","neve_meta_content_width":100,"neve_meta_title_alignment":"","neve_meta_author_avatar":"","neve_post_elements_order":"","neve_meta_disable_header":"","neve_meta_disable_footer":"","neve_meta_disable_title":"","iawp_total_views":439,"footnotes":""},"class_list":["post-340","page","type-page","status-publish","hentry"],"_links":{"self":[{"href":"https:\/\/www.thtk.fi\/index.php\/wp-json\/wp\/v2\/pages\/340","targetHints":{"allow":["GET"]}}],"collection":[{"href":"https:\/\/www.thtk.fi\/index.php\/wp-json\/wp\/v2\/pages"}],"about":[{"href":"https:\/\/www.thtk.fi\/index.php\/wp-json\/wp\/v2\/types\/page"}],"author":[{"embeddable":true,"href":"https:\/\/www.thtk.fi\/index.php\/wp-json\/wp\/v2\/users\/1"}],"replies":[{"embeddable":true,"href":"https:\/\/www.thtk.fi\/index.php\/wp-json\/wp\/v2\/comments?post=340"}],"version-history":[{"count":10,"href":"https:\/\/www.thtk.fi\/index.php\/wp-json\/wp\/v2\/pages\/340\/revisions"}],"predecessor-version":[{"id":628,"href":"https:\/\/www.thtk.fi\/index.php\/wp-json\/wp\/v2\/pages\/340\/revisions\/628"}],"wp:attachment":[{"href":"https:\/\/www.thtk.fi\/index.php\/wp-json\/wp\/v2\/media?parent=340"}],"curies":[{"name":"wp","href":"https:\/\/api.w.org\/{rel}","templated":true}]}}